{"id":1486,"date":"2023-03-06T02:19:47","date_gmt":"2023-03-06T02:19:47","guid":{"rendered":"https:\/\/themarketingtrip.com\/?page_id=1486"},"modified":"2026-03-26T15:25:59","modified_gmt":"2026-03-26T15:25:59","slug":"b2b","status":"publish","type":"page","link":"https:\/\/themarketingtrip.com\/index.php\/b2b\/","title":{"rendered":"Marketing para Empresas B2B"},"content":{"rendered":"<h1>BUSINESS TO BUSINESS<\/h1>\n<p>Empresas que sirven empresas, <br \/>as\u00ed, como nosotras.<\/p>\n<h1>BUSINESS <br \/>TO BUSINESS<\/h1>\n<p>Empresas que sirven empresas, <br \/>as\u00ed, como nosotras.<\/p>\n<p>\t\t\t\t\t\t\t\t\t\t\t\t\t\t\t<img fetchpriority=\"high\" decoding=\"async\" width=\"637\" height=\"393\" src=\"https:\/\/themarketingtrip.com\/wp-content\/uploads\/2023\/03\/B2B.webp\" alt=\"B2B\" srcset=\"https:\/\/themarketingtrip.com\/wp-content\/uploads\/2023\/03\/B2B.webp 637w, https:\/\/themarketingtrip.com\/wp-content\/uploads\/2023\/03\/B2B-300x185.webp 300w\" sizes=\"(max-width: 637px) 100vw, 637px\" \/>\t\t\t\t\t\t\t\t\t\t\t\t\t\t\t<\/p>\n<h2>AYUDAMOS A LAS MARCAS A PORTAR SU PROPIA VOZ EN UN ENTORNO CAMBIANTE Y LLENO DE DESAF\u00cdOS.<\/h2>\n<h2>\u00bfQUER\u00c9S MEDIR EL POTENCIAL DE TU EMPRESA?<\/h2>\n<p>\t\tCompleta\u0301 nuestro Diagno\u0301stico Digital gratuito y conoce\u0301 tus oportunidades de crecimiento.<br \/>\n\t\t\t\t\t<a role=\"button\"><br \/>\n\t\t\t\t\t\t\t\t\tContactanos<br \/>\n\t\t\t\t\t<\/a><br \/>\n\t\t\t\t\t<a role=\"button\"><br \/>\n\t\t\t\t<svg xmlns=\"http:\/\/www.w3.org\/2000\/svg\" width=\"17\" height=\"16\" viewBox=\"0 0 17 16\" fill=\"none\"><path d=\"M3.87719 8L0 0L17 8H3.87719Z\" fill=\"#F89310\"><\/path><path d=\"M3.87719 8L0 16L17 8H3.87719Z\" fill=\"#F89310\"><\/path><\/svg><br \/>\n\t\t\t\t\t\t\t\t\tHac\u00e9 un diagn\u00f3stico digital de tu empresa<br \/>\n\t\t\t\t\t<\/a><\/p>\n<h2>NUESTRO DIFERENCIAL<\/h2>\n<p>\t\t\t\t\t\t\t\t\t\t\t\t\t\t\t<img decoding=\"async\" width=\"132\" height=\"136\" src=\"https:\/\/themarketingtrip.com\/wp-content\/uploads\/2023\/03\/Iconos-diferecial-1.svg\" alt=\"\" \/>\t\t\t\t\t\t\t\t\t\t\t\t\t\t\t<\/p>\n<p>Equipo de profesionales del marketing<\/p>\n<p>\t\t\t\t\t\t\t\t\t\t\t\t\t\t\t<img decoding=\"async\" width=\"590\" height=\"368\" src=\"https:\/\/themarketingtrip.com\/wp-content\/uploads\/2023\/03\/Frame-31.svg\" alt=\"\" \/><br \/>\n\t\t\t\t\t\t\t\t\t\t\t\t\t\t\t<img loading=\"lazy\" decoding=\"async\" width=\"132\" height=\"136\" src=\"https:\/\/themarketingtrip.com\/wp-content\/uploads\/2023\/03\/Iconos-diferecial-3.svg\" alt=\"\" \/>\t\t\t\t\t\t\t\t\t\t\t\t\t\t\t<\/p>\n<p>M\u00e1s de 5 a\u00f1os de experiencia en el sector<\/p>\n<p>\t\t\t\t\t\t\t\t\t\t\t\t\t\t\t<img loading=\"lazy\" decoding=\"async\" width=\"132\" height=\"136\" src=\"https:\/\/themarketingtrip.com\/wp-content\/uploads\/2023\/03\/Iconos-diferecial-2.svg\" alt=\"\" \/>\t\t\t\t\t\t\t\t\t\t\t\t\t\t\t<\/p>\n<p>Seguimos de cerca las \u00faltimas tendencias<\/p>\n<p>\t\t\t\t\t\t\t\t\t\t\t\t\t\t\t<img loading=\"lazy\" decoding=\"async\" width=\"132\" height=\"87\" src=\"https:\/\/themarketingtrip.com\/wp-content\/uploads\/2023\/03\/Iconos-diferecial-4.svg\" alt=\"\" \/>\t\t\t\t\t\t\t\t\t\t\t\t\t\t\t<\/p>\n<p>Dise\u00f1amos la estrategia a tu medida<\/p>\n<h2>MARCAS CON LAS QUE TRABAJAMOS<\/h2>\n<p>\t\t\t\t\t\t\t\t\t\t\t\t\t\t\t<img loading=\"lazy\" decoding=\"async\" width=\"1080\" height=\"1535\" src=\"https:\/\/themarketingtrip.com\/wp-content\/uploads\/2023\/03\/logos-b2b-10-1.svg\" alt=\"\" \/><br \/>\n\t\t\t\t\t\t\t\t\t\t\t\t\t\t\t<img loading=\"lazy\" decoding=\"async\" width=\"1131\" height=\"147\" src=\"https:\/\/themarketingtrip.com\/wp-content\/uploads\/2023\/03\/logos-clientes-07.svg\" alt=\"\" \/>\t\t\t\t\t\t\t\t\t\t\t\t\t\t\t<\/p>\n<h2>ALGUNOS CASOS DE \u00c9XITO<\/h2>\n<p>Un sneak peek de proyectos en los que trabajamos<\/p>\n<h3>SAGRADA MADRE<\/h3>\n<p>Desarrollamos una estrategia integral para los distintos canales sociales en los que la marca est\u00e1 presente: Facebook, Instagram, YouTube y TikTok.<\/p>\n<p>Brindamos el servicio de community management y moderaci\u00f3n, unificando el tono de la marca en cada plataforma.<\/p>\n<p>Tambi\u00e9n encaramos la estrategia de difusi\u00f3n de los representantes de la marca alrededor del mundo.<\/p>\n<figure><img decoding=\"async\" src=\"https:\/\/themarketingtrip.com\/wp-content\/uploads\/2023\/03\/Group-389.webp\" alt=\"Group-389\" \/><\/figure>\n<figure><img decoding=\"async\" src=\"https:\/\/themarketingtrip.com\/wp-content\/uploads\/2023\/03\/Sagrada.jpg\" alt=\"Sagrada\" \/><\/figure>\n<figure><img decoding=\"async\" src=\"https:\/\/themarketingtrip.com\/wp-content\/uploads\/2023\/03\/diapo2-dilva-29-1.webp\" alt=\"diapo2-dilva-29 1\" \/><\/figure>\n<figure><img decoding=\"async\" src=\"https:\/\/themarketingtrip.com\/wp-content\/uploads\/2023\/03\/Carrusel-Dilva-1.webp\" alt=\"Carrusel Dilva - 1\" \/><\/figure>\n<figure><img decoding=\"async\" src=\"https:\/\/themarketingtrip.com\/wp-content\/uploads\/2023\/03\/Carrusel-Dilva-3.webp\" alt=\"Carrusel Dilva - 3\" \/><\/figure>\n<h3>DILVA<\/h3>\n<p style=\"text-align: left;\">Dilva es una empresa distribuidora de elementos de seguridad industrial. En un rubro donde las empresas competidoras venden los mismos productos, desarrollamos la marca para que Dilva pueda diferenciarse de su competencia y agregar valor. A partir de este proceso surgi\u00f3 la necesidad de redise\u00f1ar tanto la imagen como la forma de comunicar y los canales de comunicaci\u00f3n de la marca.<\/p>\n","protected":false},"excerpt":{"rendered":"<p>BUSINESS TO BUSINESS Empresas que sirven empresas, as\u00ed, como nosotras. BUSINESS TO BUSINESS Empresas que sirven empresas, as\u00ed, como nosotras. AYUDAMOS A LAS MARCAS A PORTAR SU PROPIA VOZ EN UN ENTORNO CAMBIANTE Y LLENO DE DESAF\u00cdOS. \u00bfQUER\u00c9S MEDIR EL POTENCIAL DE TU EMPRESA? Completa\u0301 nuestro Diagno\u0301stico Digital gratuito y conoce\u0301 tus oportunidades de crecimiento. Contactanos Hac\u00e9 un diagn\u00f3stico digital de tu empresa NUESTRO DIFERENCIAL Equipo de profesionales del marketing M\u00e1s de 5 a\u00f1os de experiencia en el sector Seguimos de cerca las \u00faltimas tendencias Dise\u00f1amos la estrategia a tu medida MARCAS CON LAS QUE TRABAJAMOS ALGUNOS CASOS DE \u00c9XITO Un sneak peek de proyectos en los que trabajamos SAGRADA MADRE Desarrollamos una estrategia integral para los distintos canales sociales en los que la marca est\u00e1 presente: Facebook, Instagram, YouTube y TikTok. Brindamos el servicio de community management y moderaci\u00f3n, unificando el tono de la marca en cada plataforma. Tambi\u00e9n encaramos la estrategia de difusi\u00f3n de los representantes de la marca alrededor del mundo. DILVA Dilva es una empresa distribuidora de elementos de seguridad industrial. En un rubro donde las empresas competidoras venden los mismos productos, desarrollamos la marca para que Dilva pueda diferenciarse de su competencia y agregar valor. A partir de este proceso surgi\u00f3 la necesidad de redise\u00f1ar tanto la imagen como la forma de comunicar y los canales de comunicaci\u00f3n de la marca.<\/p>\n","protected":false},"author":2,"featured_media":6004,"parent":0,"menu_order":0,"comment_status":"closed","ping_status":"closed","template":"","meta":{"site-sidebar-layout":"no-sidebar","site-content-layout":"page-builder","ast-site-content-layout":"full-width-container","site-content-style":"unboxed","site-sidebar-style":"unboxed","ast-global-header-display":"","ast-banner-title-visibility":"","ast-main-header-display":"","ast-hfb-above-header-display":"","ast-hfb-below-header-display":"","ast-hfb-mobile-header-display":"","site-post-title":"disabled","ast-breadcrumbs-content":"","ast-featured-img":"disabled","footer-sml-layout":"","ast-disable-related-posts":"","theme-transparent-header-meta":"","adv-header-id-meta":"","stick-header-meta":"","header-above-stick-meta":"","header-main-stick-meta":"","header-below-stick-meta":"","astra-migrate-meta-layouts":"set","ast-page-background-enabled":"default","ast-page-background-meta":{"desktop":{"background-color":"var(--ast-global-color-4)","background-image":"","background-repeat":"repeat","background-position":"center center","background-size":"auto","background-attachment":"scroll","background-type":"","background-media":"","overlay-type":"","overlay-color":"","overlay-opacity":"","overlay-gradient":""},"tablet":{"background-color":"","background-image":"","background-repeat":"repeat","background-position":"center center","background-size":"auto","background-attachment":"scroll","background-type":"","background-media":"","overlay-type":"","overlay-color":"","overlay-opacity":"","overlay-gradient":""},"mobile":{"background-color":"","background-image":"","background-repeat":"repeat","background-position":"center center","background-size":"auto","background-attachment":"scroll","background-type":"","background-media":"","overlay-type":"","overlay-color":"","overlay-opacity":"","overlay-gradient":""}},"ast-content-background-meta":{"desktop":{"background-color":"var(--ast-global-color-5)","background-image":"","background-repeat":"repeat","background-position":"center center","background-size":"auto","background-attachment":"scroll","background-type":"","background-media":"","overlay-type":"","overlay-color":"","overlay-opacity":"","overlay-gradient":""},"tablet":{"background-color":"var(--ast-global-color-5)","background-image":"","background-repeat":"repeat","background-position":"center center","background-size":"auto","background-attachment":"scroll","background-type":"","background-media":"","overlay-type":"","overlay-color":"","overlay-opacity":"","overlay-gradient":""},"mobile":{"background-color":"var(--ast-global-color-5)","background-image":"","background-repeat":"repeat","background-position":"center center","background-size":"auto","background-attachment":"scroll","background-type":"","background-media":"","overlay-type":"","overlay-color":"","overlay-opacity":"","overlay-gradient":""}},"footnotes":""},"class_list":["post-1486","page","type-page","status-publish","has-post-thumbnail","hentry"],"aioseo_notices":[],"acf":[],"_links":{"self":[{"href":"https:\/\/themarketingtrip.com\/index.php\/wp-json\/wp\/v2\/pages\/1486","targetHints":{"allow":["GET"]}}],"collection":[{"href":"https:\/\/themarketingtrip.com\/index.php\/wp-json\/wp\/v2\/pages"}],"about":[{"href":"https:\/\/themarketingtrip.com\/index.php\/wp-json\/wp\/v2\/types\/page"}],"author":[{"embeddable":true,"href":"https:\/\/themarketingtrip.com\/index.php\/wp-json\/wp\/v2\/users\/2"}],"replies":[{"embeddable":true,"href":"https:\/\/themarketingtrip.com\/index.php\/wp-json\/wp\/v2\/comments?post=1486"}],"version-history":[{"count":13,"href":"https:\/\/themarketingtrip.com\/index.php\/wp-json\/wp\/v2\/pages\/1486\/revisions"}],"predecessor-version":[{"id":6003,"href":"https:\/\/themarketingtrip.com\/index.php\/wp-json\/wp\/v2\/pages\/1486\/revisions\/6003"}],"wp:featuredmedia":[{"embeddable":true,"href":"https:\/\/themarketingtrip.com\/index.php\/wp-json\/wp\/v2\/media\/6004"}],"wp:attachment":[{"href":"https:\/\/themarketingtrip.com\/index.php\/wp-json\/wp\/v2\/media?parent=1486"}],"curies":[{"name":"wp","href":"https:\/\/api.w.org\/{rel}","templated":true}]}}